{"id":572,"date":"2020-04-09T09:52:22","date_gmt":"2020-04-09T09:52:22","guid":{"rendered":"https:\/\/gaspard.qodeinteractive.com\/?page_id=572"},"modified":"2025-07-10T09:18:00","modified_gmt":"2025-07-10T06:18:00","slug":"contact-us","status":"publish","type":"page","link":"https:\/\/www.mancerokitchen.com\/?page_id=572","title":{"rendered":""},"content":{"rendered":"\t\t<div data-elementor-type=\"wp-post\" data-elementor-id=\"572\" class=\"elementor elementor-572\" data-elementor-post-type=\"page\">\n\t\t\t\t\t\t<section class=\"elementor-section elementor-top-section elementor-element elementor-element-166eb60 elementor-section-full_width elementor-section-content-middle elementor-section-height-default elementor-section-height-default qodef-elementor-content-no\" data-id=\"166eb60\" data-element_type=\"section\">\n\t\t\t\t\t\t<div class=\"elementor-container elementor-column-gap-no\">\n\t\t\t\t\t<div class=\"elementor-column elementor-col-50 elementor-top-column elementor-element elementor-element-9b64c9a\" data-id=\"9b64c9a\" data-element_type=\"column\">\n\t\t\t<div class=\"elementor-widget-wrap elementor-element-populated\">\n\t\t\t\t\t\t<div class=\"elementor-element elementor-element-80b3e30 elementor-widget elementor-widget-html\" data-id=\"80b3e30\" data-element_type=\"widget\" data-widget_type=\"html.default\">\n\t\t\t\t<div class=\"elementor-widget-container\">\n\t\t\t\t\t<iframe src=\"https:\/\/www.google.com\/maps\/embed?pb=!1m18!1m12!1m3!1d3201.705316790545!2d29.120020099999994!3d36.6334793!2m3!1f0!2f0!3f0!3m2!1i1024!2i768!4f13.1!3m3!1m2!1s0x14c043e8ec5d9bd5%3A0x9b9e27629eed7a5b!2sMancero%20Kitchen!5e0!3m2!1str!2str!4v1750839331108!5m2!1str!2str\" width=\"600\" height=\"450\" style=\"border:0;\" allowfullscreen=\"\" loading=\"lazy\" referrerpolicy=\"no-referrer-when-downgrade\"><\/iframe>\t\t\t\t<\/div>\n\t\t\t\t<\/div>\n\t\t\t\t\t<\/div>\n\t\t<\/div>\n\t\t\t\t<div class=\"elementor-column elementor-col-50 elementor-top-column elementor-element elementor-element-4c52004\" data-id=\"4c52004\" data-element_type=\"column\">\n\t\t\t<div class=\"elementor-widget-wrap elementor-element-populated\">\n\t\t\t\t\t\t<div class=\"elementor-element elementor-element-773adcf elementor-widget elementor-widget-heading\" data-id=\"773adcf\" data-element_type=\"widget\" data-widget_type=\"heading.default\">\n\t\t\t\t<div class=\"elementor-widget-container\">\n\t\t\t\t\t<h5 class=\"elementor-heading-title elementor-size-default\">Mancero Kitchen &amp; Bar<\/h5>\t\t\t\t<\/div>\n\t\t\t\t<\/div>\n\t\t\t\t<div class=\"elementor-element elementor-element-9dfbf54 elementor-widget elementor-widget-text-editor\" data-id=\"9dfbf54\" data-element_type=\"widget\" data-widget_type=\"text-editor.default\">\n\t\t\t\t<div class=\"elementor-widget-container\">\n\t\t\t\t\t\t\t\t\t<p><a href=\"tel:02526148842\">0252 614 88 42<\/a><\/p><div id=\"text-6\" class=\"widget widget_text qodef-top-bar-widget\"><div class=\"textwidget\"><p><a href=\"https:\/\/maps.app.goo.gl\/MTXPhyD757WdwH618\" target=\"_blank\" rel=\"noopener\">Babata\u015f\u0131, Cahit G\u00fcnd\u00fcz Cad. No: 13<\/a><\/p><p><a href=\"https:\/\/maps.app.goo.gl\/MTXPhyD757WdwH618\" target=\"_blank\" rel=\"noopener\">Fethiye \/ Mu\u011fla \/ T\u00fcrkiye<\/a><\/p><\/div><\/div>\t\t\t\t\t\t\t\t<\/div>\n\t\t\t\t<\/div>\n\t\t\t\t\t<\/div>\n\t\t<\/div>\n\t\t\t\t\t<\/div>\n\t\t<\/section>\n\t\t\t\t<\/div>\n\t\t","protected":false},"excerpt":{"rendered":"<p>Mancero Kitchen &amp; Bar 0252 614 88 42 Babata\u015f\u0131, Cahit G\u00fcnd\u00fcz Cad. No: 13 Fethiye \/ Mu\u011fla \/ T\u00fcrkiye<\/p>\n","protected":false},"author":1,"featured_media":0,"parent":0,"menu_order":0,"comment_status":"closed","ping_status":"closed","template":"page-full-width.php","meta":{"footnotes":""},"class_list":["post-572","page","type-page","status-publish","hentry"],"_links":{"self":[{"href":"https:\/\/www.mancerokitchen.com\/index.php?rest_route=\/wp\/v2\/pages\/572","targetHints":{"allow":["GET"]}}],"collection":[{"href":"https:\/\/www.mancerokitchen.com\/index.php?rest_route=\/wp\/v2\/pages"}],"about":[{"href":"https:\/\/www.mancerokitchen.com\/index.php?rest_route=\/wp\/v2\/types\/page"}],"author":[{"embeddable":true,"href":"https:\/\/www.mancerokitchen.com\/index.php?rest_route=\/wp\/v2\/users\/1"}],"replies":[{"embeddable":true,"href":"https:\/\/www.mancerokitchen.com\/index.php?rest_route=%2Fwp%2Fv2%2Fcomments&post=572"}],"version-history":[{"count":69,"href":"https:\/\/www.mancerokitchen.com\/index.php?rest_route=\/wp\/v2\/pages\/572\/revisions"}],"predecessor-version":[{"id":4193,"href":"https:\/\/www.mancerokitchen.com\/index.php?rest_route=\/wp\/v2\/pages\/572\/revisions\/4193"}],"wp:attachment":[{"href":"https:\/\/www.mancerokitchen.com\/index.php?rest_route=%2Fwp%2Fv2%2Fmedia&parent=572"}],"curies":[{"name":"wp","href":"https:\/\/api.w.org\/{rel}","templated":true}]}}