{"id":361,"date":"2020-04-03T15:05:27","date_gmt":"2020-04-03T15:05:27","guid":{"rendered":"https:\/\/gaspard.qodeinteractive.com\/?page_id=361"},"modified":"2026-04-01T12:27:21","modified_gmt":"2026-04-01T09:27:21","slug":"our-menu","status":"publish","type":"page","link":"https:\/\/www.mancerokitchen.com\/?page_id=361","title":{"rendered":""},"content":{"rendered":"\t\t<div data-elementor-type=\"wp-post\" data-elementor-id=\"361\" class=\"elementor elementor-361\" data-elementor-post-type=\"page\">\n\t\t\t\t\t\t<section class=\"elementor-section elementor-top-section elementor-element elementor-element-ff14723 elementor-section-full_width qodef-elementor-content-grid elementor-section-height-default elementor-section-height-default\" data-id=\"ff14723\" data-element_type=\"section\">\n\t\t\t\t\t\t<div class=\"elementor-container elementor-column-gap-no\">\n\t\t\t\t\t<div class=\"elementor-column elementor-col-100 elementor-top-column elementor-element elementor-element-748c8d5\" data-id=\"748c8d5\" data-element_type=\"column\">\n\t\t\t<div class=\"elementor-widget-wrap elementor-element-populated\">\n\t\t\t\t\t\t<div class=\"elementor-element elementor-element-70fb67f elementor-widget elementor-widget-gaspard_core_section_title\" data-id=\"70fb67f\" data-element_type=\"widget\" data-widget_type=\"gaspard_core_section_title.default\">\n\t\t\t\t<div class=\"elementor-widget-container\">\n\t\t\t\t\t<div class=\"qodef-shortcode qodef-m  qodef-section-title qodef-alignment--center  qodef--has-appear\">\n\t\t<h3 class=\"qodef-m-title\" >\n\tKahvalt\u0131 Men\u00fcs\u00fc\t<\/h3>\n\t\t\t\t<\/div>\t\t\t\t<\/div>\n\t\t\t\t<\/div>\n\t\t\t\t<div class=\"elementor-element elementor-element-be91e07 elementor-widget elementor-widget-image\" data-id=\"be91e07\" data-element_type=\"widget\" data-widget_type=\"image.default\">\n\t\t\t\t<div class=\"elementor-widget-container\">\n\t\t\t\t\t\t\t\t\t\t\t\t\t\t\t<img fetchpriority=\"high\" decoding=\"async\" width=\"710\" height=\"1024\" src=\"https:\/\/www.mancerokitchen.com\/wp-content\/uploads\/2025\/06\/MANCERO-KAHVALTI-2.sayfa_-710x1024.jpg\" class=\"attachment-large size-large wp-image-3856\" alt=\"\" srcset=\"https:\/\/www.mancerokitchen.com\/wp-content\/uploads\/2025\/06\/MANCERO-KAHVALTI-2.sayfa_-710x1024.jpg 710w, https:\/\/www.mancerokitchen.com\/wp-content\/uploads\/2025\/06\/MANCERO-KAHVALTI-2.sayfa_-208x300.jpg 208w, https:\/\/www.mancerokitchen.com\/wp-content\/uploads\/2025\/06\/MANCERO-KAHVALTI-2.sayfa_-768x1107.jpg 768w, https:\/\/www.mancerokitchen.com\/wp-content\/uploads\/2025\/06\/MANCERO-KAHVALTI-2.sayfa_-1065x1536.jpg 1065w, https:\/\/www.mancerokitchen.com\/wp-content\/uploads\/2025\/06\/MANCERO-KAHVALTI-2.sayfa_-1420x2048.jpg 1420w, https:\/\/www.mancerokitchen.com\/wp-content\/uploads\/2025\/06\/MANCERO-KAHVALTI-2.sayfa_-600x865.jpg 600w, https:\/\/www.mancerokitchen.com\/wp-content\/uploads\/2025\/06\/MANCERO-KAHVALTI-2.sayfa_-scaled.jpg 1775w\" sizes=\"(max-width: 710px) 100vw, 710px\" \/>\t\t\t\t\t\t\t\t\t\t\t\t\t\t\t<\/div>\n\t\t\t\t<\/div>\n\t\t\t\t<div class=\"elementor-element elementor-element-66d38bb elementor-widget elementor-widget-image\" data-id=\"66d38bb\" data-element_type=\"widget\" data-widget_type=\"image.default\">\n\t\t\t\t<div class=\"elementor-widget-container\">\n\t\t\t\t\t\t\t\t\t\t\t\t\t\t\t<img decoding=\"async\" width=\"710\" height=\"1024\" src=\"https:\/\/www.mancerokitchen.com\/wp-content\/uploads\/2025\/06\/MANCERO-KAHVALTI-1.sayfa_-710x1024.jpg\" class=\"attachment-large size-large wp-image-3854\" alt=\"\" srcset=\"https:\/\/www.mancerokitchen.com\/wp-content\/uploads\/2025\/06\/MANCERO-KAHVALTI-1.sayfa_-710x1024.jpg 710w, https:\/\/www.mancerokitchen.com\/wp-content\/uploads\/2025\/06\/MANCERO-KAHVALTI-1.sayfa_-208x300.jpg 208w, https:\/\/www.mancerokitchen.com\/wp-content\/uploads\/2025\/06\/MANCERO-KAHVALTI-1.sayfa_-768x1107.jpg 768w, https:\/\/www.mancerokitchen.com\/wp-content\/uploads\/2025\/06\/MANCERO-KAHVALTI-1.sayfa_-1066x1536.jpg 1066w, https:\/\/www.mancerokitchen.com\/wp-content\/uploads\/2025\/06\/MANCERO-KAHVALTI-1.sayfa_-1421x2048.jpg 1421w, https:\/\/www.mancerokitchen.com\/wp-content\/uploads\/2025\/06\/MANCERO-KAHVALTI-1.sayfa_-600x865.jpg 600w, https:\/\/www.mancerokitchen.com\/wp-content\/uploads\/2025\/06\/MANCERO-KAHVALTI-1.sayfa_-scaled.jpg 1776w\" sizes=\"(max-width: 710px) 100vw, 710px\" \/>\t\t\t\t\t\t\t\t\t\t\t\t\t\t\t<\/div>\n\t\t\t\t<\/div>\n\t\t\t\t\t<\/div>\n\t\t<\/div>\n\t\t\t\t\t<\/div>\n\t\t<\/section>\n\t\t\t\t<section class=\"elementor-section elementor-top-section elementor-element elementor-element-7e890b6 elementor-section-full_width qodef-elementor-content-grid elementor-section-height-default elementor-section-height-default\" data-id=\"7e890b6\" data-element_type=\"section\">\n\t\t\t\t\t\t<div class=\"elementor-container elementor-column-gap-no\">\n\t\t\t\t\t<div class=\"elementor-column elementor-col-100 elementor-top-column elementor-element elementor-element-6844afd\" data-id=\"6844afd\" data-element_type=\"column\">\n\t\t\t<div class=\"elementor-widget-wrap elementor-element-populated\">\n\t\t\t\t\t\t<div class=\"elementor-element elementor-element-29b8e47 elementor-widget elementor-widget-gaspard_core_section_title\" data-id=\"29b8e47\" data-element_type=\"widget\" id=\"ana men\u00fc\" data-widget_type=\"gaspard_core_section_title.default\">\n\t\t\t\t<div class=\"elementor-widget-container\">\n\t\t\t\t\t<div class=\"qodef-shortcode qodef-m  qodef-section-title qodef-alignment--center  qodef--has-appear\">\n\t\t<h3 class=\"qodef-m-title\" >\n\tAna Menu\t<\/h3>\n\t\t\t\t<\/div>\t\t\t\t<\/div>\n\t\t\t\t<\/div>\n\t\t\t\t<div class=\"elementor-element elementor-element-d5d8952 elementor-widget elementor-widget-image\" data-id=\"d5d8952\" data-element_type=\"widget\" data-widget_type=\"image.default\">\n\t\t\t\t<div class=\"elementor-widget-container\">\n\t\t\t\t\t\t\t\t\t\t\t\t\t\t\t<img decoding=\"async\" width=\"832\" height=\"1024\" src=\"https:\/\/www.mancerokitchen.com\/wp-content\/uploads\/2026\/04\/Ana-Menu-01-832x1024.webp\" class=\"attachment-large size-large wp-image-4230\" alt=\"\" srcset=\"https:\/\/www.mancerokitchen.com\/wp-content\/uploads\/2026\/04\/Ana-Menu-01-832x1024.webp 832w, https:\/\/www.mancerokitchen.com\/wp-content\/uploads\/2026\/04\/Ana-Menu-01-244x300.webp 244w, https:\/\/www.mancerokitchen.com\/wp-content\/uploads\/2026\/04\/Ana-Menu-01-768x945.webp 768w, https:\/\/www.mancerokitchen.com\/wp-content\/uploads\/2026\/04\/Ana-Menu-01-1248x1536.webp 1248w, https:\/\/www.mancerokitchen.com\/wp-content\/uploads\/2026\/04\/Ana-Menu-01-1664x2048.webp 1664w, https:\/\/www.mancerokitchen.com\/wp-content\/uploads\/2026\/04\/Ana-Menu-01-600x738.webp 600w\" sizes=\"(max-width: 832px) 100vw, 832px\" \/>\t\t\t\t\t\t\t\t\t\t\t\t\t\t\t<\/div>\n\t\t\t\t<\/div>\n\t\t\t\t<div class=\"elementor-element elementor-element-98117cc elementor-widget elementor-widget-image\" data-id=\"98117cc\" data-element_type=\"widget\" data-widget_type=\"image.default\">\n\t\t\t\t<div class=\"elementor-widget-container\">\n\t\t\t\t\t\t\t\t\t\t\t\t\t\t\t<img loading=\"lazy\" decoding=\"async\" width=\"832\" height=\"1024\" src=\"https:\/\/www.mancerokitchen.com\/wp-content\/uploads\/2026\/04\/Ana-Menu-02-832x1024.webp\" class=\"attachment-large size-large wp-image-4231\" alt=\"\" srcset=\"https:\/\/www.mancerokitchen.com\/wp-content\/uploads\/2026\/04\/Ana-Menu-02-832x1024.webp 832w, https:\/\/www.mancerokitchen.com\/wp-content\/uploads\/2026\/04\/Ana-Menu-02-244x300.webp 244w, https:\/\/www.mancerokitchen.com\/wp-content\/uploads\/2026\/04\/Ana-Menu-02-768x946.webp 768w, https:\/\/www.mancerokitchen.com\/wp-content\/uploads\/2026\/04\/Ana-Menu-02-1248x1536.webp 1248w, https:\/\/www.mancerokitchen.com\/wp-content\/uploads\/2026\/04\/Ana-Menu-02-1664x2048.webp 1664w, https:\/\/www.mancerokitchen.com\/wp-content\/uploads\/2026\/04\/Ana-Menu-02-600x739.webp 600w\" sizes=\"(max-width: 832px) 100vw, 832px\" \/>\t\t\t\t\t\t\t\t\t\t\t\t\t\t\t<\/div>\n\t\t\t\t<\/div>\n\t\t\t\t<div class=\"elementor-element elementor-element-ad3ce5c elementor-widget elementor-widget-image\" data-id=\"ad3ce5c\" data-element_type=\"widget\" data-widget_type=\"image.default\">\n\t\t\t\t<div class=\"elementor-widget-container\">\n\t\t\t\t\t\t\t\t\t\t\t\t\t\t\t<img loading=\"lazy\" decoding=\"async\" width=\"832\" height=\"1024\" src=\"https:\/\/www.mancerokitchen.com\/wp-content\/uploads\/2026\/04\/Ana-Menu-03-832x1024.webp\" class=\"attachment-large size-large wp-image-4232\" alt=\"\" srcset=\"https:\/\/www.mancerokitchen.com\/wp-content\/uploads\/2026\/04\/Ana-Menu-03-832x1024.webp 832w, https:\/\/www.mancerokitchen.com\/wp-content\/uploads\/2026\/04\/Ana-Menu-03-244x300.webp 244w, https:\/\/www.mancerokitchen.com\/wp-content\/uploads\/2026\/04\/Ana-Menu-03-768x945.webp 768w, https:\/\/www.mancerokitchen.com\/wp-content\/uploads\/2026\/04\/Ana-Menu-03-1248x1536.webp 1248w, https:\/\/www.mancerokitchen.com\/wp-content\/uploads\/2026\/04\/Ana-Menu-03-1664x2048.webp 1664w, https:\/\/www.mancerokitchen.com\/wp-content\/uploads\/2026\/04\/Ana-Menu-03-600x738.webp 600w\" sizes=\"(max-width: 832px) 100vw, 832px\" \/>\t\t\t\t\t\t\t\t\t\t\t\t\t\t\t<\/div>\n\t\t\t\t<\/div>\n\t\t\t\t<div class=\"elementor-element elementor-element-9ff36b5 elementor-widget elementor-widget-image\" data-id=\"9ff36b5\" data-element_type=\"widget\" data-widget_type=\"image.default\">\n\t\t\t\t<div class=\"elementor-widget-container\">\n\t\t\t\t\t\t\t\t\t\t\t\t\t\t\t<img loading=\"lazy\" decoding=\"async\" width=\"832\" height=\"1024\" src=\"https:\/\/www.mancerokitchen.com\/wp-content\/uploads\/2026\/04\/Ana-Menu-04-832x1024.webp\" class=\"attachment-large size-large wp-image-4233\" alt=\"\" srcset=\"https:\/\/www.mancerokitchen.com\/wp-content\/uploads\/2026\/04\/Ana-Menu-04-832x1024.webp 832w, https:\/\/www.mancerokitchen.com\/wp-content\/uploads\/2026\/04\/Ana-Menu-04-244x300.webp 244w, https:\/\/www.mancerokitchen.com\/wp-content\/uploads\/2026\/04\/Ana-Menu-04-768x946.webp 768w, https:\/\/www.mancerokitchen.com\/wp-content\/uploads\/2026\/04\/Ana-Menu-04-1248x1536.webp 1248w, https:\/\/www.mancerokitchen.com\/wp-content\/uploads\/2026\/04\/Ana-Menu-04-1664x2048.webp 1664w, https:\/\/www.mancerokitchen.com\/wp-content\/uploads\/2026\/04\/Ana-Menu-04-600x739.webp 600w\" sizes=\"(max-width: 832px) 100vw, 832px\" \/>\t\t\t\t\t\t\t\t\t\t\t\t\t\t\t<\/div>\n\t\t\t\t<\/div>\n\t\t\t\t<div class=\"elementor-element elementor-element-e0fe0da elementor-widget elementor-widget-image\" data-id=\"e0fe0da\" data-element_type=\"widget\" data-widget_type=\"image.default\">\n\t\t\t\t<div class=\"elementor-widget-container\">\n\t\t\t\t\t\t\t\t\t\t\t\t\t\t\t<img loading=\"lazy\" decoding=\"async\" width=\"832\" height=\"1024\" src=\"https:\/\/www.mancerokitchen.com\/wp-content\/uploads\/2026\/04\/Ana-Menu-05-832x1024.webp\" class=\"attachment-large size-large wp-image-4234\" alt=\"\" srcset=\"https:\/\/www.mancerokitchen.com\/wp-content\/uploads\/2026\/04\/Ana-Menu-05-832x1024.webp 832w, https:\/\/www.mancerokitchen.com\/wp-content\/uploads\/2026\/04\/Ana-Menu-05-244x300.webp 244w, https:\/\/www.mancerokitchen.com\/wp-content\/uploads\/2026\/04\/Ana-Menu-05-768x945.webp 768w, https:\/\/www.mancerokitchen.com\/wp-content\/uploads\/2026\/04\/Ana-Menu-05-1248x1536.webp 1248w, https:\/\/www.mancerokitchen.com\/wp-content\/uploads\/2026\/04\/Ana-Menu-05-1664x2048.webp 1664w, https:\/\/www.mancerokitchen.com\/wp-content\/uploads\/2026\/04\/Ana-Menu-05-600x738.webp 600w\" sizes=\"(max-width: 832px) 100vw, 832px\" \/>\t\t\t\t\t\t\t\t\t\t\t\t\t\t\t<\/div>\n\t\t\t\t<\/div>\n\t\t\t\t<div class=\"elementor-element elementor-element-a3c9b9b elementor-widget elementor-widget-image\" data-id=\"a3c9b9b\" data-element_type=\"widget\" data-widget_type=\"image.default\">\n\t\t\t\t<div class=\"elementor-widget-container\">\n\t\t\t\t\t\t\t\t\t\t\t\t\t\t\t<img loading=\"lazy\" decoding=\"async\" width=\"832\" height=\"1024\" src=\"https:\/\/www.mancerokitchen.com\/wp-content\/uploads\/2026\/04\/Ana-Menu-06-832x1024.webp\" class=\"attachment-large size-large wp-image-4235\" alt=\"\" srcset=\"https:\/\/www.mancerokitchen.com\/wp-content\/uploads\/2026\/04\/Ana-Menu-06-832x1024.webp 832w, https:\/\/www.mancerokitchen.com\/wp-content\/uploads\/2026\/04\/Ana-Menu-06-244x300.webp 244w, https:\/\/www.mancerokitchen.com\/wp-content\/uploads\/2026\/04\/Ana-Menu-06-768x946.webp 768w, https:\/\/www.mancerokitchen.com\/wp-content\/uploads\/2026\/04\/Ana-Menu-06-1248x1536.webp 1248w, https:\/\/www.mancerokitchen.com\/wp-content\/uploads\/2026\/04\/Ana-Menu-06-1664x2048.webp 1664w, https:\/\/www.mancerokitchen.com\/wp-content\/uploads\/2026\/04\/Ana-Menu-06-600x739.webp 600w\" sizes=\"(max-width: 832px) 100vw, 832px\" \/>\t\t\t\t\t\t\t\t\t\t\t\t\t\t\t<\/div>\n\t\t\t\t<\/div>\n\t\t\t\t<div class=\"elementor-element elementor-element-96ec73a elementor-widget elementor-widget-image\" data-id=\"96ec73a\" data-element_type=\"widget\" data-widget_type=\"image.default\">\n\t\t\t\t<div class=\"elementor-widget-container\">\n\t\t\t\t\t\t\t\t\t\t\t\t\t\t\t<img loading=\"lazy\" decoding=\"async\" width=\"832\" height=\"1024\" src=\"https:\/\/www.mancerokitchen.com\/wp-content\/uploads\/2026\/04\/Ana-Menu-07-832x1024.webp\" class=\"attachment-large size-large wp-image-4236\" alt=\"\" srcset=\"https:\/\/www.mancerokitchen.com\/wp-content\/uploads\/2026\/04\/Ana-Menu-07-832x1024.webp 832w, https:\/\/www.mancerokitchen.com\/wp-content\/uploads\/2026\/04\/Ana-Menu-07-244x300.webp 244w, https:\/\/www.mancerokitchen.com\/wp-content\/uploads\/2026\/04\/Ana-Menu-07-768x945.webp 768w, https:\/\/www.mancerokitchen.com\/wp-content\/uploads\/2026\/04\/Ana-Menu-07-1248x1536.webp 1248w, https:\/\/www.mancerokitchen.com\/wp-content\/uploads\/2026\/04\/Ana-Menu-07-1664x2048.webp 1664w, https:\/\/www.mancerokitchen.com\/wp-content\/uploads\/2026\/04\/Ana-Menu-07-600x738.webp 600w\" sizes=\"(max-width: 832px) 100vw, 832px\" \/>\t\t\t\t\t\t\t\t\t\t\t\t\t\t\t<\/div>\n\t\t\t\t<\/div>\n\t\t\t\t\t<\/div>\n\t\t<\/div>\n\t\t\t\t\t<\/div>\n\t\t<\/section>\n\t\t\t\t<section class=\"elementor-section elementor-top-section elementor-element elementor-element-37f3bb1 elementor-section-full_width qodef-elementor-content-grid elementor-section-height-default elementor-section-height-default\" data-id=\"37f3bb1\" data-element_type=\"section\">\n\t\t\t\t\t\t<div class=\"elementor-container elementor-column-gap-no\">\n\t\t\t\t\t<div class=\"elementor-column elementor-col-100 elementor-top-column elementor-element elementor-element-9772c38\" data-id=\"9772c38\" data-element_type=\"column\">\n\t\t\t<div class=\"elementor-widget-wrap elementor-element-populated\">\n\t\t\t\t\t\t<div class=\"elementor-element elementor-element-deb940f elementor-widget elementor-widget-gaspard_core_section_title\" data-id=\"deb940f\" data-element_type=\"widget\" data-widget_type=\"gaspard_core_section_title.default\">\n\t\t\t\t<div class=\"elementor-widget-container\">\n\t\t\t\t\t<div class=\"qodef-shortcode qodef-m  qodef-section-title qodef-alignment--center  qodef--has-appear\">\n\t\t<h3 class=\"qodef-m-title\" >\n\t\u00c7ocuk Men\u00fcs\u00fc\t<\/h3>\n\t\t\t\t<\/div>\t\t\t\t<\/div>\n\t\t\t\t<\/div>\n\t\t\t\t<div class=\"elementor-element elementor-element-ac8743c elementor-widget elementor-widget-image\" data-id=\"ac8743c\" data-element_type=\"widget\" data-widget_type=\"image.default\">\n\t\t\t\t<div class=\"elementor-widget-container\">\n\t\t\t\t\t\t\t\t\t\t\t\t\t\t\t<img loading=\"lazy\" decoding=\"async\" width=\"511\" height=\"1024\" src=\"https:\/\/www.mancerokitchen.com\/wp-content\/uploads\/2025\/06\/mancero-cocuk-menusu-511x1024.jpg\" class=\"attachment-large size-large wp-image-3860\" alt=\"\" srcset=\"https:\/\/www.mancerokitchen.com\/wp-content\/uploads\/2025\/06\/mancero-cocuk-menusu-511x1024.jpg 511w, https:\/\/www.mancerokitchen.com\/wp-content\/uploads\/2025\/06\/mancero-cocuk-menusu-150x300.jpg 150w, https:\/\/www.mancerokitchen.com\/wp-content\/uploads\/2025\/06\/mancero-cocuk-menusu-768x1540.jpg 768w, https:\/\/www.mancerokitchen.com\/wp-content\/uploads\/2025\/06\/mancero-cocuk-menusu-766x1536.jpg 766w, https:\/\/www.mancerokitchen.com\/wp-content\/uploads\/2025\/06\/mancero-cocuk-menusu-1021x2048.jpg 1021w, https:\/\/www.mancerokitchen.com\/wp-content\/uploads\/2025\/06\/mancero-cocuk-menusu-600x1203.jpg 600w, https:\/\/www.mancerokitchen.com\/wp-content\/uploads\/2025\/06\/mancero-cocuk-menusu-scaled.jpg 1277w\" sizes=\"(max-width: 511px) 100vw, 511px\" \/>\t\t\t\t\t\t\t\t\t\t\t\t\t\t\t<\/div>\n\t\t\t\t<\/div>\n\t\t\t\t\t<\/div>\n\t\t<\/div>\n\t\t\t\t\t<\/div>\n\t\t<\/section>\n\t\t\t\t<section class=\"elementor-section elementor-top-section elementor-element elementor-element-ca1e8c1 elementor-section-full_width qodef-elementor-content-grid elementor-section-height-default elementor-section-height-default\" data-id=\"ca1e8c1\" data-element_type=\"section\">\n\t\t\t\t\t\t<div class=\"elementor-container elementor-column-gap-no\">\n\t\t\t\t\t<div class=\"elementor-column elementor-col-100 elementor-top-column elementor-element elementor-element-1ec991d\" data-id=\"1ec991d\" data-element_type=\"column\">\n\t\t\t<div class=\"elementor-widget-wrap elementor-element-populated\">\n\t\t\t\t\t\t<div class=\"elementor-element elementor-element-1641098 elementor-widget elementor-widget-gaspard_core_section_title\" data-id=\"1641098\" data-element_type=\"widget\" data-widget_type=\"gaspard_core_section_title.default\">\n\t\t\t\t<div class=\"elementor-widget-container\">\n\t\t\t\t\t<div class=\"qodef-shortcode qodef-m  qodef-section-title qodef-alignment--center  qodef--has-appear\">\n\t\t<h3 class=\"qodef-m-title\" >\n\t\u0130\u00e7ecek Men\u00fcs\u00fc\t<\/h3>\n\t\t\t\t<\/div>\t\t\t\t<\/div>\n\t\t\t\t<\/div>\n\t\t\t\t<div class=\"elementor-element elementor-element-db7e8da elementor-widget elementor-widget-image\" data-id=\"db7e8da\" data-element_type=\"widget\" data-widget_type=\"image.default\">\n\t\t\t\t<div class=\"elementor-widget-container\">\n\t\t\t\t\t\t\t\t\t\t\t\t\t\t\t<img loading=\"lazy\" decoding=\"async\" width=\"615\" height=\"1024\" src=\"https:\/\/www.mancerokitchen.com\/wp-content\/uploads\/2026\/04\/Icecek-Menu-01-615x1024.webp\" class=\"attachment-large size-large wp-image-4237\" alt=\"\" srcset=\"https:\/\/www.mancerokitchen.com\/wp-content\/uploads\/2026\/04\/Icecek-Menu-01-615x1024.webp 615w, https:\/\/www.mancerokitchen.com\/wp-content\/uploads\/2026\/04\/Icecek-Menu-01-180x300.webp 180w, https:\/\/www.mancerokitchen.com\/wp-content\/uploads\/2026\/04\/Icecek-Menu-01-768x1280.webp 768w, https:\/\/www.mancerokitchen.com\/wp-content\/uploads\/2026\/04\/Icecek-Menu-01-922x1536.webp 922w, https:\/\/www.mancerokitchen.com\/wp-content\/uploads\/2026\/04\/Icecek-Menu-01-1229x2048.webp 1229w, https:\/\/www.mancerokitchen.com\/wp-content\/uploads\/2026\/04\/Icecek-Menu-01-600x1000.webp 600w, https:\/\/www.mancerokitchen.com\/wp-content\/uploads\/2026\/04\/Icecek-Menu-01-scaled.webp 1537w\" sizes=\"(max-width: 615px) 100vw, 615px\" \/>\t\t\t\t\t\t\t\t\t\t\t\t\t\t\t<\/div>\n\t\t\t\t<\/div>\n\t\t\t\t<div class=\"elementor-element elementor-element-e24b7e5 elementor-widget elementor-widget-image\" data-id=\"e24b7e5\" data-element_type=\"widget\" data-widget_type=\"image.default\">\n\t\t\t\t<div class=\"elementor-widget-container\">\n\t\t\t\t\t\t\t\t\t\t\t\t\t\t\t<img loading=\"lazy\" decoding=\"async\" width=\"615\" height=\"1024\" src=\"https:\/\/www.mancerokitchen.com\/wp-content\/uploads\/2026\/04\/Icecek-Menu-02-615x1024.webp\" class=\"attachment-large size-large wp-image-4238\" alt=\"\" srcset=\"https:\/\/www.mancerokitchen.com\/wp-content\/uploads\/2026\/04\/Icecek-Menu-02-615x1024.webp 615w, https:\/\/www.mancerokitchen.com\/wp-content\/uploads\/2026\/04\/Icecek-Menu-02-180x300.webp 180w, https:\/\/www.mancerokitchen.com\/wp-content\/uploads\/2026\/04\/Icecek-Menu-02-768x1280.webp 768w, https:\/\/www.mancerokitchen.com\/wp-content\/uploads\/2026\/04\/Icecek-Menu-02-922x1536.webp 922w, https:\/\/www.mancerokitchen.com\/wp-content\/uploads\/2026\/04\/Icecek-Menu-02-1229x2048.webp 1229w, https:\/\/www.mancerokitchen.com\/wp-content\/uploads\/2026\/04\/Icecek-Menu-02-600x1000.webp 600w, https:\/\/www.mancerokitchen.com\/wp-content\/uploads\/2026\/04\/Icecek-Menu-02-scaled.webp 1537w\" sizes=\"(max-width: 615px) 100vw, 615px\" \/>\t\t\t\t\t\t\t\t\t\t\t\t\t\t\t<\/div>\n\t\t\t\t<\/div>\n\t\t\t\t<div class=\"elementor-element elementor-element-a82b9b2 elementor-widget elementor-widget-image\" data-id=\"a82b9b2\" data-element_type=\"widget\" data-widget_type=\"image.default\">\n\t\t\t\t<div class=\"elementor-widget-container\">\n\t\t\t\t\t\t\t\t\t\t\t\t\t\t\t<img loading=\"lazy\" decoding=\"async\" width=\"615\" height=\"1024\" src=\"https:\/\/www.mancerokitchen.com\/wp-content\/uploads\/2026\/04\/Icecek-Menu-03-615x1024.webp\" class=\"attachment-large size-large wp-image-4239\" alt=\"\" srcset=\"https:\/\/www.mancerokitchen.com\/wp-content\/uploads\/2026\/04\/Icecek-Menu-03-615x1024.webp 615w, https:\/\/www.mancerokitchen.com\/wp-content\/uploads\/2026\/04\/Icecek-Menu-03-180x300.webp 180w, https:\/\/www.mancerokitchen.com\/wp-content\/uploads\/2026\/04\/Icecek-Menu-03-768x1280.webp 768w, https:\/\/www.mancerokitchen.com\/wp-content\/uploads\/2026\/04\/Icecek-Menu-03-922x1536.webp 922w, https:\/\/www.mancerokitchen.com\/wp-content\/uploads\/2026\/04\/Icecek-Menu-03-1229x2048.webp 1229w, https:\/\/www.mancerokitchen.com\/wp-content\/uploads\/2026\/04\/Icecek-Menu-03-600x1000.webp 600w, https:\/\/www.mancerokitchen.com\/wp-content\/uploads\/2026\/04\/Icecek-Menu-03-scaled.webp 1537w\" sizes=\"(max-width: 615px) 100vw, 615px\" \/>\t\t\t\t\t\t\t\t\t\t\t\t\t\t\t<\/div>\n\t\t\t\t<\/div>\n\t\t\t\t<div class=\"elementor-element elementor-element-4ad1c20 elementor-widget elementor-widget-image\" data-id=\"4ad1c20\" data-element_type=\"widget\" data-widget_type=\"image.default\">\n\t\t\t\t<div class=\"elementor-widget-container\">\n\t\t\t\t\t\t\t\t\t\t\t\t\t\t\t<img loading=\"lazy\" decoding=\"async\" width=\"615\" height=\"1024\" src=\"https:\/\/www.mancerokitchen.com\/wp-content\/uploads\/2026\/04\/Icecek-Menu-04-615x1024.webp\" class=\"attachment-large size-large wp-image-4240\" alt=\"\" srcset=\"https:\/\/www.mancerokitchen.com\/wp-content\/uploads\/2026\/04\/Icecek-Menu-04-615x1024.webp 615w, https:\/\/www.mancerokitchen.com\/wp-content\/uploads\/2026\/04\/Icecek-Menu-04-180x300.webp 180w, https:\/\/www.mancerokitchen.com\/wp-content\/uploads\/2026\/04\/Icecek-Menu-04-768x1280.webp 768w, https:\/\/www.mancerokitchen.com\/wp-content\/uploads\/2026\/04\/Icecek-Menu-04-922x1536.webp 922w, https:\/\/www.mancerokitchen.com\/wp-content\/uploads\/2026\/04\/Icecek-Menu-04-1229x2048.webp 1229w, https:\/\/www.mancerokitchen.com\/wp-content\/uploads\/2026\/04\/Icecek-Menu-04-600x1000.webp 600w, https:\/\/www.mancerokitchen.com\/wp-content\/uploads\/2026\/04\/Icecek-Menu-04-scaled.webp 1537w\" sizes=\"(max-width: 615px) 100vw, 615px\" \/>\t\t\t\t\t\t\t\t\t\t\t\t\t\t\t<\/div>\n\t\t\t\t<\/div>\n\t\t\t\t\t<\/div>\n\t\t<\/div>\n\t\t\t\t\t<\/div>\n\t\t<\/section>\n\t\t\t\t<\/div>\n\t\t","protected":false},"excerpt":{"rendered":"<p>Kahvalt\u0131 Men\u00fcs\u00fc Ana Menu \u00c7ocuk Men\u00fcs\u00fc \u0130\u00e7ecek Men\u00fcs\u00fc<\/p>\n","protected":false},"author":1,"featured_media":0,"parent":0,"menu_order":0,"comment_status":"closed","ping_status":"closed","template":"page-full-width.php","meta":{"footnotes":""},"class_list":["post-361","page","type-page","status-publish","hentry"],"_links":{"self":[{"href":"https:\/\/www.mancerokitchen.com\/index.php?rest_route=\/wp\/v2\/pages\/361","targetHints":{"allow":["GET"]}}],"collection":[{"href":"https:\/\/www.mancerokitchen.com\/index.php?rest_route=\/wp\/v2\/pages"}],"about":[{"href":"https:\/\/www.mancerokitchen.com\/index.php?rest_route=\/wp\/v2\/types\/page"}],"author":[{"embeddable":true,"href":"https:\/\/www.mancerokitchen.com\/index.php?rest_route=\/wp\/v2\/users\/1"}],"replies":[{"embeddable":true,"href":"https:\/\/www.mancerokitchen.com\/index.php?rest_route=%2Fwp%2Fv2%2Fcomments&post=361"}],"version-history":[{"count":31,"href":"https:\/\/www.mancerokitchen.com\/index.php?rest_route=\/wp\/v2\/pages\/361\/revisions"}],"predecessor-version":[{"id":4243,"href":"https:\/\/www.mancerokitchen.com\/index.php?rest_route=\/wp\/v2\/pages\/361\/revisions\/4243"}],"wp:attachment":[{"href":"https:\/\/www.mancerokitchen.com\/index.php?rest_route=%2Fwp%2Fv2%2Fmedia&parent=361"}],"curies":[{"name":"wp","href":"https:\/\/api.w.org\/{rel}","templated":true}]}}